{"id":26,"date":"2026-03-04T19:08:02","date_gmt":"2026-03-04T19:08:02","guid":{"rendered":"https:\/\/test.victoralcantara.de\/?page_id=26"},"modified":"2026-03-07T07:38:25","modified_gmt":"2026-03-07T07:38:25","slug":"bio","status":"publish","type":"page","link":"https:\/\/victoralcantara.de\/en\/bio\/","title":{"rendered":"Biography"},"content":{"rendered":"<div class=\"wp-block-group has-white-background-color has-background\" style=\"padding-top:var(--wp--preset--spacing--80);padding-right:0;padding-bottom:var(--wp--preset--spacing--80);padding-left:0\"><div class=\"wp-block-group__inner-container is-layout-flow wp-block-group-is-layout-flow\"><h1 style=\"font-style:normal;font-weight:700;\" class=\"has-text-align-center wp-block-site-title has-medium-font-size\"><a href=\"https:\/\/victoralcantara.de\/en\" target=\"_self\" rel=\"home\">Victor Alc\u00e1ntara<\/a><\/h1>\n\n<p class=\"has-text-align-center wp-block-site-tagline\">Pianist | Composer | Arranger<\/p>\n\n\n<div style=\"height:0px\" aria-hidden=\"true\" class=\"wp-block-spacer\"><\/div>\n\n\n\n<div class=\"wp-block-media-text is-stacked-on-mobile is-vertically-aligned-top\"><figure class=\"wp-block-media-text__media\"><img loading=\"lazy\" decoding=\"async\" width=\"1024\" height=\"768\" src=\"https:\/\/test.victoralcantara.de\/wp-content\/uploads\/2026\/03\/IMG_2431-1024x768.jpg\" alt=\"\" class=\"wp-image-64 size-full\" srcset=\"https:\/\/victoralcantara.de\/wp-content\/uploads\/2026\/03\/IMG_2431-1024x768.jpg 1024w, https:\/\/victoralcantara.de\/wp-content\/uploads\/2026\/03\/IMG_2431-300x225.jpg 300w, https:\/\/victoralcantara.de\/wp-content\/uploads\/2026\/03\/IMG_2431-768x576.jpg 768w, https:\/\/victoralcantara.de\/wp-content\/uploads\/2026\/03\/IMG_2431-1536x1152.jpg 1536w, https:\/\/victoralcantara.de\/wp-content\/uploads\/2026\/03\/IMG_2431-2048x1536.jpg 2048w, https:\/\/victoralcantara.de\/wp-content\/uploads\/2026\/03\/IMG_2431-124x93.jpg 124w\" sizes=\"auto, (max-width: 1024px) 100vw, 1024px\" \/><\/figure><div class=\"wp-block-media-text__content\">\n<p><strong>Victor Alc\u00e1ntara<\/strong>&nbsp;(*1975) is professor at the&nbsp;<a href=\"http:\/\/www.hfk-bayreuth.de\/\">University of Protestant Church Music Bayreuth<\/a>&nbsp;(HfK), where he teaches jazz-rock-pop piano and arranging. He also directs the&nbsp;<a href=\"https:\/\/bigbandunibayreuth.de\/ueber-uns\/\">University Big Band Bayreuth<\/a>, a cooperation between the HfK and the University of Bayreuth, and also teaches at the&nbsp;<a href=\"http:\/\/www.hmtm.de\/\">University of Music and Performing Arts Munich.<\/a>. He&nbsp;<a href=\"https:\/\/phd.kug.ac.at\/hauptnavigation\/abgeschlossene-dissertationen\">completed his doctorate<\/a>&nbsp;in musicology at the University of Performing Arts Graz with a thesis on the mirror symmetry of the keyboard. His piano concerto \u201cToccata Concertante\u201d was awarded third prize at the II International<a href=\"https:\/\/en.wikipedia.org\/wiki\/International_Uuno_Klami_Composition_Competition\">&nbsp;Uuno Klami Composition Competition<\/a>&nbsp;in Finland in 2009. As a pianist and songwriter, he has released numerous CDs with his own formations, and as a composer he has worked for television, cinema and show productions. His compositions are published by&nbsp;<a href=\"https:\/\/www.schott-music.com\/en\/invisible-poem-noq576301.html\">Schott<\/a>and&nbsp;<a href=\"https:\/\/www.strube.de\/komponist\/victor-alcantara\/\">Strube,<\/a>&nbsp;a selection of his Bigband arrangements are available at&nbsp;<a href=\"https:\/\/www.sheetmusicdirect.com\/artist\/victor-alcantara\">Sheet Music Direct.<\/a>&nbsp;As a researcher, he gives lectures at international conferences, to which he has been invited at the Moscow Conservatory and the Georg August University in G\u00f6ttingen, among others. He is currently working&nbsp;<a href=\"https:\/\/www.monikaroscher.com\/\">with the Monika Roscher Bigband<\/a>&nbsp;and the percussion ensemble Drumaturgia.&nbsp;<\/p>\n<\/div><\/div>\n\n\n\n<div class=\"wp-block-buttons is-content-justification-center is-layout-flex wp-container-core-buttons-is-layout-16018d1d wp-block-buttons-is-layout-flex\">\n<div class=\"wp-block-button has-custom-width wp-block-button__width-100 redbanner\"><a class=\"wp-block-button__link wp-element-button\" href=\"https:\/\/www.youtube.com\/@victoralcantara4996\/videos\">Videos<\/a><\/div>\n\n\n\n<div class=\"wp-block-button has-custom-width wp-block-button__width-100 redbanner\"><a class=\"wp-block-button__link wp-element-button\" href=\"https:\/\/music.apple.com\/de\/artist\/victor-alc%C3%A1ntara\/253222867\">Apple Music Artist Page<\/a><\/div>\n\n\n\n<div class=\"wp-block-button has-custom-width wp-block-button__width-100 redbanner\"><a class=\"wp-block-button__link wp-element-button\" href=\"https:\/\/open.spotify.com\/intl-de\/artist\/3ZQhkrFX0iPFyQPIF18zjv?si=_3deN6QASF-ZSvZ3AYZBBA\">Spotify Artist Profile<\/a><\/div>\n<\/div>\n\n\n\n<ul class=\"wp-block-social-links has-normal-icon-size has-icon-color has-icon-background-color is-content-justification-center is-layout-flex wp-container-core-social-links-is-layout-16450288 wp-block-social-links-is-layout-flex\" style=\"padding-top:var(--wp--preset--spacing--60);padding-bottom:var(--wp--preset--spacing--60)\"><li style=\"color:#000000;background-color:#ffffff;\" class=\"wp-social-link wp-social-link-instagram has-black-color has-white-background-color wp-block-social-link\"><a href=\"https:\/\/www.instagram.com\/palindromorphy\/\" class=\"wp-block-social-link-anchor\"><svg width=\"24\" height=\"24\" viewbox=\"0 0 24 24\" version=\"1.1\" xmlns=\"http:\/\/www.w3.org\/2000\/svg\" aria-hidden=\"true\" focusable=\"false\"><path d=\"M12,4.622c2.403,0,2.688,0.009,3.637,0.052c0.877,0.04,1.354,0.187,1.671,0.31c0.42,0.163,0.72,0.358,1.035,0.673 c0.315,0.315,0.51,0.615,0.673,1.035c0.123,0.317,0.27,0.794,0.31,1.671c0.043,0.949,0.052,1.234,0.052,3.637 s-0.009,2.688-0.052,3.637c-0.04,0.877-0.187,1.354-0.31,1.671c-0.163,0.42-0.358,0.72-0.673,1.035 c-0.315,0.315-0.615,0.51-1.035,0.673c-0.317,0.123-0.794,0.27-1.671,0.31c-0.949,0.043-1.233,0.052-3.637,0.052 s-2.688-0.009-3.637-0.052c-0.877-0.04-1.354-0.187-1.671-0.31c-0.42-0.163-0.72-0.358-1.035-0.673 c-0.315-0.315-0.51-0.615-0.673-1.035c-0.123-0.317-0.27-0.794-0.31-1.671C4.631,14.688,4.622,14.403,4.622,12 s0.009-2.688,0.052-3.637c0.04-0.877,0.187-1.354,0.31-1.671c0.163-0.42,0.358-0.72,0.673-1.035 c0.315-0.315,0.615-0.51,1.035-0.673c0.317-0.123,0.794-0.27,1.671-0.31C9.312,4.631,9.597,4.622,12,4.622 M12,3 C9.556,3,9.249,3.01,8.289,3.054C7.331,3.098,6.677,3.25,6.105,3.472C5.513,3.702,5.011,4.01,4.511,4.511 c-0.5,0.5-0.808,1.002-1.038,1.594C3.25,6.677,3.098,7.331,3.054,8.289C3.01,9.249,3,9.556,3,12c0,2.444,0.01,2.751,0.054,3.711 c0.044,0.958,0.196,1.612,0.418,2.185c0.23,0.592,0.538,1.094,1.038,1.594c0.5,0.5,1.002,0.808,1.594,1.038 c0.572,0.222,1.227,0.375,2.185,0.418C9.249,20.99,9.556,21,12,21s2.751-0.01,3.711-0.054c0.958-0.044,1.612-0.196,2.185-0.418 c0.592-0.23,1.094-0.538,1.594-1.038c0.5-0.5,0.808-1.002,1.038-1.594c0.222-0.572,0.375-1.227,0.418-2.185 C20.99,14.751,21,14.444,21,12s-0.01-2.751-0.054-3.711c-0.044-0.958-0.196-1.612-0.418-2.185c-0.23-0.592-0.538-1.094-1.038-1.594 c-0.5-0.5-1.002-0.808-1.594-1.038c-0.572-0.222-1.227-0.375-2.185-0.418C14.751,3.01,14.444,3,12,3L12,3z M12,7.378 c-2.552,0-4.622,2.069-4.622,4.622S9.448,16.622,12,16.622s4.622-2.069,4.622-4.622S14.552,7.378,12,7.378z M12,15 c-1.657,0-3-1.343-3-3s1.343-3,3-3s3,1.343,3,3S13.657,15,12,15z M16.804,6.116c-0.596,0-1.08,0.484-1.08,1.08 s0.484,1.08,1.08,1.08c0.596,0,1.08-0.484,1.08-1.08S17.401,6.116,16.804,6.116z\"><\/path><\/svg><span class=\"wp-block-social-link-label screen-reader-text\">Instagram<\/span><\/a><\/li>\n\n<\/ul>\n<\/div><\/div>\n\n\n\n<div class=\"wp-block-media-text is-stacked-on-mobile\"><figure class=\"wp-block-media-text__media\"><\/figure><div class=\"wp-block-media-text__content\">\n<p><\/p>\n<\/div><\/div>","protected":false},"excerpt":{"rendered":"<p>Victor Alc\u00e1ntara&nbsp;(*1975) ist Professor an der&nbsp;Hochschule f\u00fcr evang. Kirchenmusik Bayreuth&nbsp;(HfK), an der er die F\u00e4cher Jazz-Rock-Pop-Piano und Arrangement unterrichtet. Er<\/p>\n<p><span class=\"more-link\"><a href=\"https:\/\/victoralcantara.de\/en\/bio\/\" class=\"readmore\">Continue reading<span class=\"screen-reader-text\">Biography<\/span><\/a><\/span><\/p>","protected":false},"author":1,"featured_media":0,"parent":0,"menu_order":0,"comment_status":"closed","ping_status":"closed","template":"","meta":{"footnotes":""},"class_list":["post-26","page","type-page","status-publish","hentry"],"_links":{"self":[{"href":"https:\/\/victoralcantara.de\/en\/wp-json\/wp\/v2\/pages\/26","targetHints":{"allow":["GET"]}}],"collection":[{"href":"https:\/\/victoralcantara.de\/en\/wp-json\/wp\/v2\/pages"}],"about":[{"href":"https:\/\/victoralcantara.de\/en\/wp-json\/wp\/v2\/types\/page"}],"author":[{"embeddable":true,"href":"https:\/\/victoralcantara.de\/en\/wp-json\/wp\/v2\/users\/1"}],"replies":[{"embeddable":true,"href":"https:\/\/victoralcantara.de\/en\/wp-json\/wp\/v2\/comments?post=26"}],"version-history":[{"count":14,"href":"https:\/\/victoralcantara.de\/en\/wp-json\/wp\/v2\/pages\/26\/revisions"}],"predecessor-version":[{"id":229,"href":"https:\/\/victoralcantara.de\/en\/wp-json\/wp\/v2\/pages\/26\/revisions\/229"}],"wp:attachment":[{"href":"https:\/\/victoralcantara.de\/en\/wp-json\/wp\/v2\/media?parent=26"}],"curies":[{"name":"wp","href":"https:\/\/api.w.org\/{rel}","templated":true}]}}